{"id":692,"date":"2021-11-30T16:50:02","date_gmt":"2021-11-30T16:50:02","guid":{"rendered":"https:\/\/www.lenalahti.com\/?page_id=692"},"modified":"2021-11-30T17:00:58","modified_gmt":"2021-11-30T17:00:58","slug":"konst","status":"publish","type":"page","link":"https:\/\/www.lenalahti.com\/","title":{"rendered":"KONST"},"content":{"rendered":"<div id=\"metaslider-id-195\" style=\"width: 100%;\" class=\"ml-slider-3-107-0 metaslider metaslider-flex metaslider-195 ml-slider has-dots-nav ms-theme-default\" role=\"region\" aria-label=\"KONST\" data-height=\"650\" data-width=\"1400\">\n    <div id=\"metaslider_container_195\">\n        <div id=\"metaslider_195\">\n            <ul class='slides'>\n                <li style=\"display: block; width: 100%;\" class=\"slide-294 ms-image \" aria-roledescription=\"slide\" data-date=\"2018-10-19 19:22:03\" data-filename=\"\u00a9Fotograf-Lena-Lahti-annascen-web-1400x650.jpg\" data-slide-type=\"image\"><img loading=\"lazy\" decoding=\"async\" src=\"https:\/\/www.lenalahti.com\/wp-content\/uploads\/2018\/10\/\u00a9Fotograf-Lena-Lahti-annascen-web-1400x650.jpg\" height=\"650\" width=\"1400\" alt=\"scenerp\u00e5ens\u00f6ndag, konst,fotografi, utst\u00e4llning, Norrbotten, Sverige\" class=\"slider-195 slide-294 msDefaultImage\" title=\"annascen\" \/><\/li>\n                <li style=\"display: none; width: 100%;\" class=\"slide-296 ms-image \" aria-roledescription=\"slide\" data-date=\"2018-10-19 19:24:16\" data-filename=\"\u00a9Fotograf-Lena-Lahti-scenerp\u00e5ens\u00f6ndag2-web-1400x650.jpg\" data-slide-type=\"image\"><img loading=\"lazy\" decoding=\"async\" src=\"https:\/\/www.lenalahti.com\/wp-content\/uploads\/2018\/10\/\u00a9Fotograf-Lena-Lahti-scenerp\u00e5ens\u00f6ndag2-web-1400x650.jpg\" height=\"650\" width=\"1400\" alt=\"konst, fotografi, Norrbotten, Sverige\" class=\"slider-195 slide-296 msDefaultImage\" title=\"scener p\u00e5 en s\u00f6ndag3\" \/><\/li>\n                <li style=\"display: none; width: 100%;\" class=\"slide-297 ms-image \" aria-roledescription=\"slide\" data-date=\"2018-10-19 19:24:41\" data-filename=\"\u00a9Fotograf-Lena-Lahti-it\u00b4snicetobehere3-web-1400x650.jpg\" data-slide-type=\"image\"><img loading=\"lazy\" decoding=\"async\" src=\"https:\/\/www.lenalahti.com\/wp-content\/uploads\/2018\/10\/\u00a9Fotograf-Lena-Lahti-it\u00b4snicetobehere3-web-1400x650.jpg\" height=\"650\" width=\"1400\" alt=\"fotografi, konst, tapet, it\u00b4s nice, to be here, Lule\u00e5, Norrbotten, Sverige\" class=\"slider-195 slide-297 msDefaultImage\" title=\"it\u00b4s nice to be here 3\" \/><\/li>\n                <li style=\"display: none; width: 100%;\" class=\"slide-298 ms-image \" aria-roledescription=\"slide\" data-date=\"2018-10-19 19:25:05\" data-filename=\"\u00a9Fotograf-Lena-Lahti-It\u00b4snicetobehere2-web-1400x650.jpg\" data-slide-type=\"image\"><img loading=\"lazy\" decoding=\"async\" src=\"https:\/\/www.lenalahti.com\/wp-content\/uploads\/2018\/10\/\u00a9Fotograf-Lena-Lahti-It\u00b4snicetobehere2-web-1400x650.jpg\" height=\"650\" width=\"1400\" alt=\"utst\u00e4llning, konst, fotografi, Oulu, Finland, galleri\" class=\"slider-195 slide-298 msDefaultImage\" title=\"It\u00b4s nice to be here2\" \/><\/li>\n                <li style=\"display: none; width: 100%;\" class=\"slide-299 ms-image \" aria-roledescription=\"slide\" data-date=\"2018-10-19 19:25:25\" data-filename=\"\u00a9Fotograf-Lena-Lahti-V\u00f6rdnad-Tjeckien-2-web-1400x650.jpg\" data-slide-type=\"image\"><img loading=\"lazy\" decoding=\"async\" src=\"https:\/\/www.lenalahti.com\/wp-content\/uploads\/2018\/10\/\u00a9Fotograf-Lena-Lahti-V\u00f6rdnad-Tjeckien-2-web-1400x650.jpg\" height=\"650\" width=\"1400\" alt=\"utst\u00e4llning, Jindrighuv Hradec, Tjeckien\" class=\"slider-195 slide-299 msDefaultImage\" title=\"V\u00f6rdnad-Tjeckien\" \/><\/li>\n                <li style=\"display: none; width: 100%;\" class=\"slide-300 ms-image \" aria-roledescription=\"slide\" data-date=\"2018-10-19 19:25:58\" data-filename=\"\u00a9Fotograf-Lena-Lahti-V\u00f6rdnad-Tjeckien-1-web-1400x650.jpg\" data-slide-type=\"image\"><img loading=\"lazy\" decoding=\"async\" src=\"https:\/\/www.lenalahti.com\/wp-content\/uploads\/2018\/10\/\u00a9Fotograf-Lena-Lahti-V\u00f6rdnad-Tjeckien-1-web-1400x650.jpg\" height=\"650\" width=\"1400\" alt=\"utst\u00e4llning, fotografi, installation, Jindrichuv Hradec, Tjeckien\" class=\"slider-195 slide-300 msDefaultImage\" title=\"V\u00f6rdnad Tjeckien1\" \/><\/li>\n                <li style=\"display: none; width: 100%;\" class=\"slide-303 ms-image \" aria-roledescription=\"slide\" data-date=\"2018-10-19 19:27:39\" data-filename=\"\u00a9Fotograf-Lena-Lahti-maskrosbarn-web-1400x650.jpg\" data-slide-type=\"image\"><img loading=\"lazy\" decoding=\"async\" src=\"https:\/\/www.lenalahti.com\/wp-content\/uploads\/2018\/10\/\u00a9Fotograf-Lena-Lahti-maskrosbarn-web-1400x650.jpg\" height=\"650\" width=\"1400\" alt=\"konst, fotografi, Norrbotten, Sverige\" class=\"slider-195 slide-303 msDefaultImage\" title=\"maskrosbarn\" \/><\/li>\n                <li style=\"display: none; width: 100%;\" class=\"slide-304 ms-image \" aria-roledescription=\"slide\" data-date=\"2018-10-19 19:29:29\" data-filename=\"\u00a9Fotograf-Lena-Lahti-trepar1-web-1400x650.jpg\" data-slide-type=\"image\"><img loading=\"lazy\" decoding=\"async\" src=\"https:\/\/www.lenalahti.com\/wp-content\/uploads\/2018\/10\/\u00a9Fotograf-Lena-Lahti-trepar1-web-1400x650.jpg\" height=\"650\" width=\"1400\" alt=\"utst\u00e4llning, fotografi, installation, lindroths, Haparanda, Norrbotten, Sverige\" class=\"slider-195 slide-304 msDefaultImage\" title=\"3 par-1\" \/><\/li>\n                <li style=\"display: none; width: 100%;\" class=\"slide-305 ms-image \" aria-roledescription=\"slide\" data-date=\"2018-10-19 19:29:53\" data-filename=\"\u00a9Fotograf-Lena-Lahti-pain12-web-1400x650.jpg\" data-slide-type=\"image\"><img loading=\"lazy\" decoding=\"async\" src=\"https:\/\/www.lenalahti.com\/wp-content\/uploads\/2018\/10\/\u00a9Fotograf-Lena-Lahti-pain12-web-1400x650.jpg\" height=\"650\" width=\"1400\" alt=\"utst\u00e4llning, fotografi, objekt, galleri, Sunderby Folkh\u00f6gskola, Lule\u00e5, Norrbotten, Sverige\" class=\"slider-195 slide-305 msDefaultImage\" title=\"pain 12\" \/><\/li>\n                <li style=\"display: none; width: 100%;\" class=\"slide-306 ms-image \" aria-roledescription=\"slide\" data-date=\"2018-10-19 19:30:07\" data-filename=\"\u00a9Fotograf-Lena-Lahti-juldagen-web-1400x650.jpg\" data-slide-type=\"image\"><img loading=\"lazy\" decoding=\"async\" src=\"https:\/\/www.lenalahti.com\/wp-content\/uploads\/2018\/10\/\u00a9Fotograf-Lena-Lahti-juldagen-web-1400x650.jpg\" height=\"650\" width=\"1400\" alt=\"juldagen, utsmyckning, fotografi, Bergn\u00e4skyrkan, Norrbotten, Sverige\" class=\"slider-195 slide-306 msDefaultImage\" title=\"juldagen\" \/><\/li>\n                <li style=\"display: none; width: 100%;\" class=\"slide-307 ms-image \" aria-roledescription=\"slide\" data-date=\"2018-10-19 19:30:56\" data-filename=\"\u00a9Fotograf-Lena-Lahti-vila7-web-1400x650.jpg\" data-slide-type=\"image\"><img loading=\"lazy\" decoding=\"async\" src=\"https:\/\/www.lenalahti.com\/wp-content\/uploads\/2018\/10\/\u00a9Fotograf-Lena-Lahti-vila7-web-1400x650.jpg\" height=\"650\" width=\"1400\" alt=\"utst\u00e4llning, fotografi, installation, ute, Taivalkoski, Finland\" class=\"slider-195 slide-307 msDefaultImage\" title=\"vila7\" \/><\/li>\n                <li style=\"display: none; width: 100%;\" class=\"slide-308 ms-image \" aria-roledescription=\"slide\" data-date=\"2018-10-19 19:31:09\" data-filename=\"\u00a9Fotograf-Lena-Lahti-vila6-web-1400x650.jpg\" data-slide-type=\"image\"><img loading=\"lazy\" decoding=\"async\" src=\"https:\/\/www.lenalahti.com\/wp-content\/uploads\/2018\/10\/\u00a9Fotograf-Lena-Lahti-vila6-web-1400x650.jpg\" height=\"650\" width=\"1400\" alt=\"utst\u00e4llning, fotografi, installation, ute, Taivalkoski, Finland\" class=\"slider-195 slide-308 msDefaultImage\" title=\"vila6\" \/><\/li>\n                <li style=\"display: none; width: 100%;\" class=\"slide-309 ms-image \" aria-roledescription=\"slide\" data-date=\"2018-10-19 19:31:20\" data-filename=\"\u00a9Fotograf-Lena-Lahti-vila2-web-1400x650.jpg\" data-slide-type=\"image\"><img loading=\"lazy\" decoding=\"async\" src=\"https:\/\/www.lenalahti.com\/wp-content\/uploads\/2018\/10\/\u00a9Fotograf-Lena-Lahti-vila2-web-1400x650.jpg\" height=\"650\" width=\"1400\" alt=\"utst\u00e4llning, fotografi, ute, Taivalkoski, Finland\" class=\"slider-195 slide-309 msDefaultImage\" title=\"vila2\" \/><\/li>\n                <li style=\"display: none; width: 100%;\" class=\"slide-310 ms-image \" aria-roledescription=\"slide\" data-date=\"2018-10-19 19:31:48\" data-filename=\"\u00a9Fotograf-Lena-Lahti-g\u00e5p\u00e53-web-1400x650.jpg\" data-slide-type=\"image\"><img loading=\"lazy\" decoding=\"async\" src=\"https:\/\/www.lenalahti.com\/wp-content\/uploads\/2018\/10\/\u00a9Fotograf-Lena-Lahti-g\u00e5p\u00e53-web-1400x650.jpg\" height=\"650\" width=\"1400\" alt=\"g\u00e5p\u00e5, Lule\u00e5 , Norrbotten, Sverige, utst\u00e4llning, installation, fotografi, konst\" class=\"slider-195 slide-310 msDefaultImage\" title=\"g\u00e5p\u00e53\" \/><\/li>\n                <li style=\"display: none; width: 100%;\" class=\"slide-311 ms-image \" aria-roledescription=\"slide\" data-date=\"2018-10-19 19:31:56\" data-filename=\"\u00a9Fotograf-Lena-Lahti-g\u00e5p\u00e52-web-1400x650.jpg\" data-slide-type=\"image\"><img loading=\"lazy\" decoding=\"async\" src=\"https:\/\/www.lenalahti.com\/wp-content\/uploads\/2018\/10\/\u00a9Fotograf-Lena-Lahti-g\u00e5p\u00e52-web-1400x650.jpg\" height=\"650\" width=\"1400\" alt=\"s\u00e5pa, utst\u00e4llning, Lule\u00e5, Norrbotten, Sverige, installation, fotografi, konst\" class=\"slider-195 slide-311 msDefaultImage\" title=\"g\u00e5p\u00e52\" \/><\/li>\n                <li style=\"display: none; width: 100%;\" class=\"slide-312 ms-image \" aria-roledescription=\"slide\" data-date=\"2018-10-19 19:32:20\" data-filename=\"\u00a9Fotograf-Lena-Lahti-\u00f6vergivna-dr\u00f6mmar-web-1400x650.jpg\" data-slide-type=\"image\"><img loading=\"lazy\" decoding=\"async\" src=\"https:\/\/www.lenalahti.com\/wp-content\/uploads\/2018\/10\/\u00a9Fotograf-Lena-Lahti-\u00f6vergivna-dr\u00f6mmar-web-1400x650.jpg\" height=\"650\" width=\"1400\" alt=\"utst\u00e4llning, fotografi, Lule\u00e5, Norrbotten, Sverige\" class=\"slider-195 slide-312 msDefaultImage\" title=\"l\u00e4get of\u00f6r\u00e4ndrat\" \/><\/li>\n                <li style=\"display: none; width: 100%;\" class=\"slide-313 ms-image \" aria-roledescription=\"slide\" data-date=\"2018-10-19 19:32:36\" data-filename=\"\u00a9Fotograf-Lena-Lahti-vi-ser-ingenting-web-1400x650.jpg\" data-slide-type=\"image\"><img loading=\"lazy\" decoding=\"async\" src=\"https:\/\/www.lenalahti.com\/wp-content\/uploads\/2018\/10\/\u00a9Fotograf-Lena-Lahti-vi-ser-ingenting-web-1400x650.jpg\" height=\"650\" width=\"1400\" alt=\"utst\u00e4llning, fotografi, Henningsv\u00e6r, Lofoten, Norge\" class=\"slider-195 slide-313 msDefaultImage\" title=\"l\u00e4get of\u00f6r\u00e4ndrat 1\" \/><\/li>\n                <li style=\"display: none; width: 100%;\" class=\"slide-314 ms-image \" aria-roledescription=\"slide\" data-date=\"2018-10-19 19:33:11\" data-filename=\"husse3-web-1400x650.jpg\" data-slide-type=\"image\"><img loading=\"lazy\" decoding=\"async\" src=\"https:\/\/www.lenalahti.com\/wp-content\/uploads\/2014\/02\/husse3-web-1400x650.jpg\" height=\"650\" width=\"1400\" alt=\"hund, man, ger, henningsv\u00e6r, lofoten, norge,\" class=\"slider-195 slide-314 msDefaultImage\" title=\"Min b\u00e4sta v\u00e4n\" \/><\/li>\n                <li style=\"display: none; width: 100%;\" class=\"slide-315 ms-image \" aria-roledescription=\"slide\" data-date=\"2018-10-19 19:33:27\" data-filename=\"\u00a9Lena-Lahti-Min-b\u00e4sta-v\u00e4n-1-web-1400x650.jpg\" data-slide-type=\"image\"><img loading=\"lazy\" decoding=\"async\" src=\"https:\/\/www.lenalahti.com\/wp-content\/uploads\/2018\/10\/\u00a9Lena-Lahti-Min-b\u00e4sta-v\u00e4n-1-web-1400x650.jpg\" height=\"650\" width=\"1400\" alt=\"\" class=\"slider-195 slide-315 msDefaultImage\" title=\"Min b\u00e4sta v\u00e4n 1\" \/><\/li>\n            <\/ul>\n        <\/div>\n        \n    <\/div>\n<\/div>\n","protected":false},"excerpt":{"rendered":"","protected":false},"author":1,"featured_media":0,"parent":0,"menu_order":0,"comment_status":"closed","ping_status":"closed","template":"template-homepage.php","meta":{"footnotes":""},"class_list":["post-692","page","type-page","status-publish","hentry"],"yoast_head":"<!-- This site is optimized with the Yoast SEO plugin v27.3 - https:\/\/yoast.com\/product\/yoast-seo-wordpress\/ -->\n<title>KONST - FOTOGRAF LENA LAHTI<\/title>\n<meta name=\"robots\" content=\"index, follow, max-snippet:-1, max-image-preview:large, max-video-preview:-1\" \/>\n<link rel=\"canonical\" href=\"https:\/\/www.lenalahti.com\/\" \/>\n<meta property=\"og:locale\" content=\"sv_SE\" \/>\n<meta property=\"og:type\" content=\"article\" \/>\n<meta property=\"og:title\" content=\"KONST - FOTOGRAF LENA LAHTI\" \/>\n<meta property=\"og:url\" content=\"https:\/\/www.lenalahti.com\/\" \/>\n<meta property=\"og:site_name\" content=\"FOTOGRAF LENA LAHTI\" \/>\n<meta property=\"article:modified_time\" content=\"2021-11-30T17:00:58+00:00\" \/>\n<meta name=\"twitter:card\" content=\"summary_large_image\" \/>\n<meta name=\"twitter:label1\" content=\"Ber\u00e4knad l\u00e4stid\" \/>\n\t<meta name=\"twitter:data1\" content=\"1 minut\" \/>\n<script type=\"application\/ld+json\" class=\"yoast-schema-graph\">{\"@context\":\"https:\\\/\\\/schema.org\",\"@graph\":[{\"@type\":\"WebPage\",\"@id\":\"https:\\\/\\\/www.lenalahti.com\\\/\",\"url\":\"https:\\\/\\\/www.lenalahti.com\\\/\",\"name\":\"KONST - FOTOGRAF LENA LAHTI\",\"isPartOf\":{\"@id\":\"https:\\\/\\\/www.lenalahti.com\\\/#website\"},\"datePublished\":\"2021-11-30T16:50:02+00:00\",\"dateModified\":\"2021-11-30T17:00:58+00:00\",\"breadcrumb\":{\"@id\":\"https:\\\/\\\/www.lenalahti.com\\\/#breadcrumb\"},\"inLanguage\":\"sv-SE\",\"potentialAction\":[{\"@type\":\"ReadAction\",\"target\":[\"https:\\\/\\\/www.lenalahti.com\\\/\"]}]},{\"@type\":\"BreadcrumbList\",\"@id\":\"https:\\\/\\\/www.lenalahti.com\\\/#breadcrumb\",\"itemListElement\":[{\"@type\":\"ListItem\",\"position\":1,\"name\":\"Hem\",\"item\":\"https:\\\/\\\/www.lenalahti.com\\\/\"},{\"@type\":\"ListItem\",\"position\":2,\"name\":\"KONST\"}]},{\"@type\":\"WebSite\",\"@id\":\"https:\\\/\\\/www.lenalahti.com\\\/#website\",\"url\":\"https:\\\/\\\/www.lenalahti.com\\\/\",\"name\":\"FOTOGRAF LENA LAHTI\",\"description\":\"Fotograf, Lofoten, Norge\",\"potentialAction\":[{\"@type\":\"SearchAction\",\"target\":{\"@type\":\"EntryPoint\",\"urlTemplate\":\"https:\\\/\\\/www.lenalahti.com\\\/?s={search_term_string}\"},\"query-input\":{\"@type\":\"PropertyValueSpecification\",\"valueRequired\":true,\"valueName\":\"search_term_string\"}}],\"inLanguage\":\"sv-SE\"}]}<\/script>\n<!-- \/ Yoast SEO plugin. -->","yoast_head_json":{"title":"KONST - FOTOGRAF LENA LAHTI","robots":{"index":"index","follow":"follow","max-snippet":"max-snippet:-1","max-image-preview":"max-image-preview:large","max-video-preview":"max-video-preview:-1"},"canonical":"https:\/\/www.lenalahti.com\/","og_locale":"sv_SE","og_type":"article","og_title":"KONST - FOTOGRAF LENA LAHTI","og_url":"https:\/\/www.lenalahti.com\/","og_site_name":"FOTOGRAF LENA LAHTI","article_modified_time":"2021-11-30T17:00:58+00:00","twitter_card":"summary_large_image","twitter_misc":{"Ber\u00e4knad l\u00e4stid":"1 minut"},"schema":{"@context":"https:\/\/schema.org","@graph":[{"@type":"WebPage","@id":"https:\/\/www.lenalahti.com\/","url":"https:\/\/www.lenalahti.com\/","name":"KONST - FOTOGRAF LENA LAHTI","isPartOf":{"@id":"https:\/\/www.lenalahti.com\/#website"},"datePublished":"2021-11-30T16:50:02+00:00","dateModified":"2021-11-30T17:00:58+00:00","breadcrumb":{"@id":"https:\/\/www.lenalahti.com\/#breadcrumb"},"inLanguage":"sv-SE","potentialAction":[{"@type":"ReadAction","target":["https:\/\/www.lenalahti.com\/"]}]},{"@type":"BreadcrumbList","@id":"https:\/\/www.lenalahti.com\/#breadcrumb","itemListElement":[{"@type":"ListItem","position":1,"name":"Hem","item":"https:\/\/www.lenalahti.com\/"},{"@type":"ListItem","position":2,"name":"KONST"}]},{"@type":"WebSite","@id":"https:\/\/www.lenalahti.com\/#website","url":"https:\/\/www.lenalahti.com\/","name":"FOTOGRAF LENA LAHTI","description":"Fotograf, Lofoten, Norge","potentialAction":[{"@type":"SearchAction","target":{"@type":"EntryPoint","urlTemplate":"https:\/\/www.lenalahti.com\/?s={search_term_string}"},"query-input":{"@type":"PropertyValueSpecification","valueRequired":true,"valueName":"search_term_string"}}],"inLanguage":"sv-SE"}]}},"_links":{"self":[{"href":"https:\/\/www.lenalahti.com\/index.php?rest_route=\/wp\/v2\/pages\/692","targetHints":{"allow":["GET"]}}],"collection":[{"href":"https:\/\/www.lenalahti.com\/index.php?rest_route=\/wp\/v2\/pages"}],"about":[{"href":"https:\/\/www.lenalahti.com\/index.php?rest_route=\/wp\/v2\/types\/page"}],"author":[{"embeddable":true,"href":"https:\/\/www.lenalahti.com\/index.php?rest_route=\/wp\/v2\/users\/1"}],"replies":[{"embeddable":true,"href":"https:\/\/www.lenalahti.com\/index.php?rest_route=%2Fwp%2Fv2%2Fcomments&post=692"}],"version-history":[{"count":2,"href":"https:\/\/www.lenalahti.com\/index.php?rest_route=\/wp\/v2\/pages\/692\/revisions"}],"predecessor-version":[{"id":698,"href":"https:\/\/www.lenalahti.com\/index.php?rest_route=\/wp\/v2\/pages\/692\/revisions\/698"}],"wp:attachment":[{"href":"https:\/\/www.lenalahti.com\/index.php?rest_route=%2Fwp%2Fv2%2Fmedia&parent=692"}],"curies":[{"name":"wp","href":"https:\/\/api.w.org\/{rel}","templated":true}]}}