{"id":430,"date":"2019-02-09T15:16:03","date_gmt":"2019-02-09T15:16:03","guid":{"rendered":"https:\/\/www.lenalahti.com\/?page_id=430"},"modified":"2019-02-09T15:16:03","modified_gmt":"2019-02-09T15:16:03","slug":"landskap","status":"publish","type":"page","link":"https:\/\/www.lenalahti.com\/?page_id=430","title":{"rendered":"LANDSKAP"},"content":{"rendered":"<div id=\"metaslider-id-319\" style=\"max-width: 1400px;\" class=\"ml-slider-3-107-0 metaslider metaslider-flex metaslider-319 ml-slider has-dots-nav ms-theme-default\" role=\"region\" aria-label=\"LANDSKAP\" data-height=\"1000\" data-width=\"1400\">\n    <div id=\"metaslider_container_319\">\n        <div id=\"metaslider_319\">\n            <ul class='slides'>\n                <li style=\"display: block; width: 100%;\" class=\"slide-621 ms-image \" aria-roledescription=\"slide\" data-date=\"2019-03-21 16:14:40\" data-filename=\"\u00a9Fotograf-Lena-Lahti-hevonen-textweb-827x591.jpg\" data-slide-type=\"image\"><a href=\"http:\/\/www.lenalahti.com\" target=\"_self\" aria-label=\"View Slide Details\" class=\"metaslider_image_link\"><img loading=\"lazy\" decoding=\"async\" src=\"https:\/\/www.lenalahti.com\/wp-content\/uploads\/2019\/03\/\u00a9Fotograf-Lena-Lahti-hevonen-textweb-827x591.jpg\" height=\"1000\" width=\"1400\" alt=\"vit h\u00e4st i fj\u00e4llen\" class=\"slider-319 slide-621 msDefaultImage\" title=\"h\u00e4st p\u00e5 Vestv\u00e5g\u00f8y\" \/><\/a><div class=\"caption-wrap\"><div class=\"caption\">Vit h\u00e4st i naturen, Vestv\u00e5g\u00f8y\n\u00a9Fotograf Lena Lahti<\/div><\/div><\/li>\n                <li style=\"display: none; width: 100%;\" class=\"slide-606 ms-image \" aria-roledescription=\"slide\" data-date=\"2019-03-07 11:59:04\" data-filename=\"\u00a9Fotograf-Lena-Lahti-korstr\u00e4sk-textweb-754x539.jpg\" data-slide-type=\"image\"><a href=\"http:\/\/www.lenalahti.com\" target=\"_self\" aria-label=\"View Slide Details\" class=\"metaslider_image_link\"><img loading=\"lazy\" decoding=\"async\" src=\"https:\/\/www.lenalahti.com\/wp-content\/uploads\/2019\/03\/\u00a9Fotograf-Lena-Lahti-korstr\u00e4sk-textweb-754x539.jpg\" height=\"1000\" width=\"1400\" alt=\"Korstr\u00e4sk\" class=\"slider-319 slide-606 msDefaultImage\" title=\"korstr\u00e4sk\" \/><\/a><div class=\"caption-wrap\"><div class=\"caption\">Sj\u00f6 i Korstr\u00e4sk, Norrbotten\n\u00a9Fotograf Lena Lahti<\/div><\/div><\/li>\n                <li style=\"display: none; width: 100%;\" class=\"slide-321 ms-image \" aria-roledescription=\"slide\" data-date=\"2018-10-19 19:54:55\" data-filename=\"\u00a9Fotograf-Lena-Lahti-lule\u00e4lv-maj-webtext-929x664.jpg\" data-slide-type=\"image\"><a href=\"http:\/\/www.lenalahti.com\" target=\"_self\" aria-label=\"View Slide Details\" class=\"metaslider_image_link\"><img loading=\"lazy\" decoding=\"async\" src=\"https:\/\/www.lenalahti.com\/wp-content\/uploads\/2014\/08\/\u00a9Fotograf-Lena-Lahti-lule\u00e4lv-maj-webtext-929x664.jpg\" height=\"1000\" width=\"1400\" alt=\"lule\u00e5\u00e4lv, maj, Avan, Norrbotten, Sverige\" class=\"slider-319 slide-321 msDefaultImage\" title=\"lule\u00e4lv\" \/><\/a><div class=\"caption-wrap\"><div class=\"caption\">lule\u00e5\u00e4lv, maj, Avan, Norrbotten, Sverige<\/div><\/div><\/li>\n                <li style=\"display: none; width: 100%;\" class=\"slide-485 ms-image \" aria-roledescription=\"slide\" data-date=\"2019-02-10 09:47:47\" data-filename=\"\u00a9Fotograf-Lena-Lahti-Altr\u00e4skv\u00e4gen-mot-Br\u00e4nnberg-textweb-1302x930.jpg\" data-slide-type=\"image\"><a href=\"http:\/\/www.lenalahti.com\" target=\"_self\" aria-label=\"View Slide Details\" class=\"metaslider_image_link\"><img loading=\"lazy\" decoding=\"async\" src=\"https:\/\/www.lenalahti.com\/wp-content\/uploads\/2019\/02\/\u00a9Fotograf-Lena-Lahti-Altr\u00e4skv\u00e4gen-mot-Br\u00e4nnberg-textweb-1302x930.jpg\" height=\"1000\" width=\"1400\" alt=\"vinterv\u00e4g i Altr\u00e4sk Norrbotten\" class=\"slider-319 slide-485 msDefaultImage\" title=\"\u00a9Fotograf-Lena-Lahti-Altr\u00e4skv\u00e4gen-mot-Br\u00e4nnberg-textweb\" \/><\/a><div class=\"caption-wrap\"><div class=\"caption\">Vinterv\u00e4g i Altr\u00e4sk, Boden. L\u00e5ng vy \u00f6ver natur och skog. \u00d6de landskap.\n\u00a9Fotograf Lena Lahti<\/div><\/div><\/li>\n                <li style=\"display: none; width: 100%;\" class=\"slide-322 ms-image \" aria-roledescription=\"slide\" data-date=\"2018-10-19 19:55:29\" data-filename=\"\u00a9Fotograf-Lena-Lahit-Borg-webt-1195x854.jpg\" data-slide-type=\"image\"><a href=\"http:\/\/www.lenalahti.com\" target=\"_self\" aria-label=\"View Slide Details\" class=\"metaslider_image_link\"><img loading=\"lazy\" decoding=\"async\" src=\"https:\/\/www.lenalahti.com\/wp-content\/uploads\/2014\/08\/\u00a9Fotograf-Lena-Lahit-Borg-webt-1195x854.jpg\" height=\"1000\" width=\"1400\" alt=\"staket, sn\u00f6, borg, lofoten, norge\" class=\"slider-319 slide-322 msDefaultImage\" title=\"staket\" \/><\/a><div class=\"caption-wrap\"><div class=\"caption\">staket, sn\u00f6, borg, lofoten, norge<\/div><\/div><\/li>\n                <li style=\"display: none; width: 100%;\" class=\"slide-575 ms-image \" aria-roledescription=\"slide\" data-date=\"2019-03-06 15:32:30\" data-filename=\"\u00a9Fotograf-Lena-Lahti-m\u00f6rkertid-text-web-1304x932.jpg\" data-slide-type=\"image\"><a href=\"http:\/\/www.lenalahti.com\" target=\"_self\" aria-label=\"View Slide Details\" class=\"metaslider_image_link\"><img loading=\"lazy\" decoding=\"async\" src=\"https:\/\/www.lenalahti.com\/wp-content\/uploads\/2018\/11\/\u00a9Fotograf-Lena-Lahti-m\u00f6rkertid-text-web-1304x932.jpg\" height=\"1000\" width=\"1400\" alt=\"m\u00f6rkertid, hav med sol, skymning, Henningsv\u00e6r, Lofoten, Norge\" class=\"slider-319 slide-575 msDefaultImage\" title=\"\u00a9Fotograf-Lena-Lahti-morkertid-\" \/><\/a><div class=\"caption-wrap\"><div class=\"caption\">m\u00f6rkertid i Henningsv\u00e6r Lofoten, Norge<\/div><\/div><\/li>\n                <li style=\"display: none; width: 100%;\" class=\"slide-595 ms-image \" aria-roledescription=\"slide\" data-date=\"2019-03-07 11:09:52\" data-filename=\"\u00a9Fotograf-Lena-Lahti-renar-talvik-textweb-1265x904.jpg\" data-slide-type=\"image\"><a href=\"http:\/\/www.lenalahti.com\" target=\"_self\" aria-label=\"View Slide Details\" class=\"metaslider_image_link\"><img loading=\"lazy\" decoding=\"async\" src=\"https:\/\/www.lenalahti.com\/wp-content\/uploads\/2019\/03\/\u00a9Fotograf-Lena-Lahti-renar-talvik-textweb-1265x904.jpg\" height=\"1000\" width=\"1400\" alt=\"renar i Finnmark\" class=\"slider-319 slide-595 msDefaultImage\" title=\"renar\" \/><\/a><div class=\"caption-wrap\"><div class=\"caption\">Renar i Talvik, Finnmark\n\u00a9Fotograf Lena Lahti<\/div><\/div><\/li>\n                <li style=\"display: none; width: 100%;\" class=\"slide-589 ms-image \" aria-roledescription=\"slide\" data-date=\"2019-03-07 11:04:45\" data-filename=\"s\u00f6rbyvatten-textweb-910x650.jpg\" data-slide-type=\"image\"><a href=\"http:\/\/www.lenalahti.com\" target=\"_self\" aria-label=\"View Slide Details\" class=\"metaslider_image_link\"><img loading=\"lazy\" decoding=\"async\" src=\"https:\/\/www.lenalahti.com\/wp-content\/uploads\/2019\/03\/s\u00f6rbyvatten-textweb-910x650.jpg\" height=\"1000\" width=\"1400\" alt=\"brygga i S\u00f6rbyn\" class=\"slider-319 slide-589 msDefaultImage\" title=\"bryggan\" \/><\/a><div class=\"caption-wrap\"><div class=\"caption\">brygga i S\u00f6rbyn, Norrbotten\n\u00a9Fotograf Lena Lahti<\/div><\/div><\/li>\n                <li style=\"display: none; width: 100%;\" class=\"slide-597 ms-image \" aria-roledescription=\"slide\" data-date=\"2019-03-07 11:11:28\" data-filename=\"\u00a9Fotograf-Lena-Lahti-skifferberget-alta-textweb-1302x930.jpg\" data-slide-type=\"image\"><a href=\"http:\/\/www.lenalahti.com\" target=\"_self\" aria-label=\"View Slide Details\" class=\"metaslider_image_link\"><img loading=\"lazy\" decoding=\"async\" src=\"https:\/\/www.lenalahti.com\/wp-content\/uploads\/2019\/03\/\u00a9Fotograf-Lena-Lahti-skifferberget-alta-textweb-1302x930.jpg\" height=\"1000\" width=\"1400\" alt=\"skifferberg\" class=\"slider-319 slide-597 msDefaultImage\" title=\"skifferberget\" \/><\/a><div class=\"caption-wrap\"><div class=\"caption\">Skifferberg i Alta, Finnmark\n\u00a9Fotograf Lena Lahti<\/div><\/div><\/li>\n                <li style=\"display: none; width: 100%;\" class=\"slide-323 ms-image \" aria-roledescription=\"slide\" data-date=\"2018-10-19 19:55:42\" data-filename=\"\u00a9Fotograf-Lena-Lahti-dalarna-2009-725x518.jpg\" data-slide-type=\"image\"><a href=\"http:\/\/www.lenalahti.com\" target=\"_self\" aria-label=\"View Slide Details\" class=\"metaslider_image_link\"><img loading=\"lazy\" decoding=\"async\" src=\"https:\/\/www.lenalahti.com\/wp-content\/uploads\/2014\/08\/\u00a9Fotograf-Lena-Lahti-dalarna-2009-725x518.jpg\" height=\"1000\" width=\"1400\" alt=\"dalarna, Sverige, sj\u00f6, \u00f6\" class=\"slider-319 slide-323 msDefaultImage\" title=\"dalarna\" \/><\/a><div class=\"caption-wrap\"><div class=\"caption\">dalarna, Sverige, sj\u00f6, \u00f6<\/div><\/div><\/li>\n                <li style=\"display: none; width: 100%;\" class=\"slide-479 ms-image \" aria-roledescription=\"slide\" data-date=\"2019-02-09 15:44:58\" data-filename=\"\u00a9Fotograf-Lena-Lahti-maneter-text-web-931x665.jpg\" data-slide-type=\"image\"><a href=\"http:\/\/www.lenalahti.com\" target=\"_self\" aria-label=\"View Slide Details\" class=\"metaslider_image_link\"><img loading=\"lazy\" decoding=\"async\" src=\"https:\/\/www.lenalahti.com\/wp-content\/uploads\/2018\/11\/\u00a9Fotograf-Lena-Lahti-maneter-text-web-931x665.jpg\" height=\"1000\" width=\"1400\" alt=\"\" class=\"slider-319 slide-479 msDefaultImage\" title=\"\u00a9Fotograf-Lena-Lahti-maneter-text-web\" \/><\/a><div class=\"caption-wrap\"><div class=\"caption\">I havet, Lofoten, Norge\n\u00a9Fotograf Lena Lahti<\/div><\/div><\/li>\n                <li style=\"display: none; width: 100%;\" class=\"slide-574 ms-image \" aria-roledescription=\"slide\" data-date=\"2019-03-06 15:31:04\" data-filename=\"\u00a9Fotograf-Lena-Lahti-valberg-juni-2015-text-web-1264x903.jpg\" data-slide-type=\"image\"><a href=\"http:\/\/www.lenalahti.com\" target=\"_self\" aria-label=\"View Slide Details\" class=\"metaslider_image_link\"><img loading=\"lazy\" decoding=\"async\" src=\"https:\/\/www.lenalahti.com\/wp-content\/uploads\/2018\/11\/\u00a9Fotograf-Lena-Lahti-valberg-juni-2015-text-web-1264x903.jpg\" height=\"1000\" width=\"1400\" alt=\"molnig himmel ovan fj\u00e4ll i Valberg, Lofoten, Norge\" class=\"slider-319 slide-574 msDefaultImage\" title=\"\u00a9Fotograf-Lena-Lahti-valberg-juni\" \/><\/a><div class=\"caption-wrap\"><div class=\"caption\">\u00f6kad molnighet, valberg, lofoten, norge<\/div><\/div><\/li>\n                <li style=\"display: none; width: 100%;\" class=\"slide-591 ms-image \" aria-roledescription=\"slide\" data-date=\"2019-03-07 11:06:31\" data-filename=\"\u00a9Fotograf-Lena-Lahti-essauira-surfstrand-textweb-910x650.jpg\" data-slide-type=\"image\"><a href=\"http:\/\/www.lenalahti.com\" target=\"_self\" aria-label=\"View Slide Details\" class=\"metaslider_image_link\"><img loading=\"lazy\" decoding=\"async\" src=\"https:\/\/www.lenalahti.com\/wp-content\/uploads\/2019\/03\/\u00a9Fotograf-Lena-Lahti-essauira-surfstrand-textweb-910x650.jpg\" height=\"1000\" width=\"1400\" alt=\"surfstrand i Marocko\" class=\"slider-319 slide-591 msDefaultImage\" title=\"surfstrand\" \/><\/a><div class=\"caption-wrap\"><div class=\"caption\">surfstrand utanf\u00f6r Essauira, Marocko\n\u00a9Fotograf Lena Lahti<\/div><\/div><\/li>\n                <li style=\"display: none; width: 100%;\" class=\"slide-576 ms-image \" aria-roledescription=\"slide\" data-date=\"2019-03-06 15:33:21\" data-filename=\"\u00a9Fotograf-Lena-Lahti-skymning-i-hamn-textweb-1304x932.jpg\" data-slide-type=\"image\"><a href=\"http:\/\/www.lenalahti.com\" target=\"_self\" aria-label=\"View Slide Details\" class=\"metaslider_image_link\"><img loading=\"lazy\" decoding=\"async\" src=\"https:\/\/www.lenalahti.com\/wp-content\/uploads\/2019\/02\/\u00a9Fotograf-Lena-Lahti-skymning-i-hamn-textweb-1304x932.jpg\" height=\"1000\" width=\"1400\" alt=\"b\u00e5thamn i Henningsv\u00e6r\" class=\"slider-319 slide-576 msDefaultImage\" title=\"\u00a9Fotograf-Lena-Lahti-skymning-i-hamn-textweb\" \/><\/a><div class=\"caption-wrap\"><div class=\"caption\">B\u00e5t i Henningsv\u00e6rs hamn p\u00e5 Lofoten, sedd fr\u00e5n VW camper. Bl\u00e5\n\u00a9Fotograf Lena Lahti<\/div><\/div><\/li>\n            <\/ul>\n        <\/div>\n        \n    <\/div>\n<\/div>\n","protected":false},"excerpt":{"rendered":"","protected":false},"author":1,"featured_media":0,"parent":0,"menu_order":0,"comment_status":"closed","ping_status":"closed","template":"template-fullwidth.php","meta":{"footnotes":""},"class_list":["post-430","page","type-page","status-publish","hentry"],"yoast_head":"<!-- This site is optimized with the Yoast SEO plugin v27.3 - https:\/\/yoast.com\/product\/yoast-seo-wordpress\/ -->\n<title>LANDSKAP - FOTOGRAF LENA LAHTI<\/title>\n<meta name=\"robots\" content=\"index, follow, max-snippet:-1, max-image-preview:large, max-video-preview:-1\" \/>\n<link rel=\"canonical\" href=\"https:\/\/www.lenalahti.com\/?page_id=430\" \/>\n<meta property=\"og:locale\" content=\"sv_SE\" \/>\n<meta property=\"og:type\" content=\"article\" \/>\n<meta property=\"og:title\" content=\"LANDSKAP - FOTOGRAF LENA LAHTI\" \/>\n<meta property=\"og:url\" content=\"https:\/\/www.lenalahti.com\/?page_id=430\" \/>\n<meta property=\"og:site_name\" content=\"FOTOGRAF LENA LAHTI\" \/>\n<meta name=\"twitter:card\" content=\"summary_large_image\" \/>\n<script type=\"application\/ld+json\" class=\"yoast-schema-graph\">{\"@context\":\"https:\\\/\\\/schema.org\",\"@graph\":[{\"@type\":\"WebPage\",\"@id\":\"https:\\\/\\\/www.lenalahti.com\\\/?page_id=430\",\"url\":\"https:\\\/\\\/www.lenalahti.com\\\/?page_id=430\",\"name\":\"LANDSKAP - FOTOGRAF LENA LAHTI\",\"isPartOf\":{\"@id\":\"https:\\\/\\\/www.lenalahti.com\\\/#website\"},\"datePublished\":\"2019-02-09T15:16:03+00:00\",\"breadcrumb\":{\"@id\":\"https:\\\/\\\/www.lenalahti.com\\\/?page_id=430#breadcrumb\"},\"inLanguage\":\"sv-SE\",\"potentialAction\":[{\"@type\":\"ReadAction\",\"target\":[\"https:\\\/\\\/www.lenalahti.com\\\/?page_id=430\"]}]},{\"@type\":\"BreadcrumbList\",\"@id\":\"https:\\\/\\\/www.lenalahti.com\\\/?page_id=430#breadcrumb\",\"itemListElement\":[{\"@type\":\"ListItem\",\"position\":1,\"name\":\"Hem\",\"item\":\"https:\\\/\\\/www.lenalahti.com\\\/\"},{\"@type\":\"ListItem\",\"position\":2,\"name\":\"LANDSKAP\"}]},{\"@type\":\"WebSite\",\"@id\":\"https:\\\/\\\/www.lenalahti.com\\\/#website\",\"url\":\"https:\\\/\\\/www.lenalahti.com\\\/\",\"name\":\"FOTOGRAF LENA LAHTI\",\"description\":\"Fotograf, Lofoten, Norge\",\"potentialAction\":[{\"@type\":\"SearchAction\",\"target\":{\"@type\":\"EntryPoint\",\"urlTemplate\":\"https:\\\/\\\/www.lenalahti.com\\\/?s={search_term_string}\"},\"query-input\":{\"@type\":\"PropertyValueSpecification\",\"valueRequired\":true,\"valueName\":\"search_term_string\"}}],\"inLanguage\":\"sv-SE\"}]}<\/script>\n<!-- \/ Yoast SEO plugin. -->","yoast_head_json":{"title":"LANDSKAP - FOTOGRAF LENA LAHTI","robots":{"index":"index","follow":"follow","max-snippet":"max-snippet:-1","max-image-preview":"max-image-preview:large","max-video-preview":"max-video-preview:-1"},"canonical":"https:\/\/www.lenalahti.com\/?page_id=430","og_locale":"sv_SE","og_type":"article","og_title":"LANDSKAP - FOTOGRAF LENA LAHTI","og_url":"https:\/\/www.lenalahti.com\/?page_id=430","og_site_name":"FOTOGRAF LENA LAHTI","twitter_card":"summary_large_image","schema":{"@context":"https:\/\/schema.org","@graph":[{"@type":"WebPage","@id":"https:\/\/www.lenalahti.com\/?page_id=430","url":"https:\/\/www.lenalahti.com\/?page_id=430","name":"LANDSKAP - FOTOGRAF LENA LAHTI","isPartOf":{"@id":"https:\/\/www.lenalahti.com\/#website"},"datePublished":"2019-02-09T15:16:03+00:00","breadcrumb":{"@id":"https:\/\/www.lenalahti.com\/?page_id=430#breadcrumb"},"inLanguage":"sv-SE","potentialAction":[{"@type":"ReadAction","target":["https:\/\/www.lenalahti.com\/?page_id=430"]}]},{"@type":"BreadcrumbList","@id":"https:\/\/www.lenalahti.com\/?page_id=430#breadcrumb","itemListElement":[{"@type":"ListItem","position":1,"name":"Hem","item":"https:\/\/www.lenalahti.com\/"},{"@type":"ListItem","position":2,"name":"LANDSKAP"}]},{"@type":"WebSite","@id":"https:\/\/www.lenalahti.com\/#website","url":"https:\/\/www.lenalahti.com\/","name":"FOTOGRAF LENA LAHTI","description":"Fotograf, Lofoten, Norge","potentialAction":[{"@type":"SearchAction","target":{"@type":"EntryPoint","urlTemplate":"https:\/\/www.lenalahti.com\/?s={search_term_string}"},"query-input":{"@type":"PropertyValueSpecification","valueRequired":true,"valueName":"search_term_string"}}],"inLanguage":"sv-SE"}]}},"_links":{"self":[{"href":"https:\/\/www.lenalahti.com\/index.php?rest_route=\/wp\/v2\/pages\/430","targetHints":{"allow":["GET"]}}],"collection":[{"href":"https:\/\/www.lenalahti.com\/index.php?rest_route=\/wp\/v2\/pages"}],"about":[{"href":"https:\/\/www.lenalahti.com\/index.php?rest_route=\/wp\/v2\/types\/page"}],"author":[{"embeddable":true,"href":"https:\/\/www.lenalahti.com\/index.php?rest_route=\/wp\/v2\/users\/1"}],"replies":[{"embeddable":true,"href":"https:\/\/www.lenalahti.com\/index.php?rest_route=%2Fwp%2Fv2%2Fcomments&post=430"}],"version-history":[{"count":3,"href":"https:\/\/www.lenalahti.com\/index.php?rest_route=\/wp\/v2\/pages\/430\/revisions"}],"predecessor-version":[{"id":477,"href":"https:\/\/www.lenalahti.com\/index.php?rest_route=\/wp\/v2\/pages\/430\/revisions\/477"}],"wp:attachment":[{"href":"https:\/\/www.lenalahti.com\/index.php?rest_route=%2Fwp%2Fv2%2Fmedia&parent=430"}],"curies":[{"name":"wp","href":"https:\/\/api.w.org\/{rel}","templated":true}]}}