{"id":142,"date":"2017-11-01T15:14:36","date_gmt":"2017-11-01T15:14:36","guid":{"rendered":"https:\/\/www.lenalahti.com\/?page_id=142"},"modified":"2021-11-30T12:43:21","modified_gmt":"2021-11-30T12:43:21","slug":"about","status":"publish","type":"page","link":"https:\/\/www.lenalahti.com\/?page_id=142","title":{"rendered":"INFORMATION"},"content":{"rendered":"<h1 class=\"text-align-center\"><span style=\"color: #e1e5e8;\"><strong>LENA LAHTI<\/strong><\/span><\/h1>\n<p class=\"text-align-center\">F\u00f6dd i Haparanda 1961. Uppvuxen i Boden med musik som huvudsakligt intresse. Studerade musik fr\u00e5n sexton \u00e5rs\u00e5lder och sju \u00e5r fram\u00e5t. Allt slutade med att jag gick en fotoutbildning i Lule\u00e5 och bosatte mig d\u00e4r.&nbsp;Frilansade, fick tre underbara barn, sj\u00f6ng och m\u00e5dde bra av att ha utst\u00e4llningar. Tr\u00f6tt p\u00e5 ensamarbete s\u00f6kte jag mig till filmbranschen i Norrbotten. Under tio \u00e5r var jag stillbildsfotograf, platsletare, rollbes\u00e4ttare, statist- och rollbes\u00e4ttare produktionsassistent och lite av varje. Nu har jag flyttat till Lofoten f\u00f6r att r\u00e4dda ett fiskebruk fr\u00e5n underg\u00e5ng, fotografera och uppt\u00e4cka en ny del av v\u00e4rlden.<\/p>\n<p class=\"text-align-center\">Jag fotograferar g\u00e4rna m\u00e4nniskor och platser, verkliga eller fiktiva. Portr\u00e4tt utf\u00f6rs med gl\u00e4dje i min studio eller p\u00e5 n\u00e5gon annan plats enligt kundens \u00f6nskan. Prislista finns och skickas till intresserade.<\/p>\n<p class=\"text-align-center\">H\u00f6r av er n\u00e4r ni beh\u00f6ver en fotograf.<\/p>\n<h3><span style=\"color: #e1e5e8;\"><strong>CV<\/strong><\/span><\/h3>\n<h2><\/h2>\n<h6><span style=\"font-size: 19px; color: #e1e5e8;\">SEPARATUTST\u00c4LLNINGAR<\/span><\/h6>\n<p><span style=\"font-size: 10pt;\"><strong>&#8221;L\u00e4get of\u00f6r\u00e4ndrat&#8221; <\/strong>Galleri Sk\u00e5da, Lule\u00e5 2013<\/span><\/p>\n<p><span style=\"font-size: 10pt;\"><strong>\u201cSORG\u201d<\/strong> Galleri Torggatan 13, \u00d6rnsk\u00f6ldsvik, Sweden 2007<\/span><\/p>\n<p><span style=\"font-size: 10pt;\"><strong>\u201cTill vila<\/strong>\u201d Sockenmagasinet, Gammelstad, Sweden 2007<\/span><\/p>\n<p><span style=\"font-size: 10pt;\"><strong>\u201cVIO VIO\u201d<\/strong> Haparanda Konsthall, Sweden 2005<\/span><\/p>\n<p><span style=\"font-size: 10pt;\"><strong>&#8221;G\u00c5 P\u00c5<\/strong><\/span><span style=\"font-size: 10pt;\"><strong>&#8221;<\/strong>&nbsp;Konstens Hus, Lule\u00e5 Sweden 2002<\/span><\/p>\n<p><span style=\"font-size: 10pt;\"><strong>&#8221;Rum f\u00f6r v\u00e4xande&#8221;<\/strong> Bergn\u00e4skyrkan, Lule\u00e5 Sweden 2000<\/span><\/p>\n<p><span style=\"font-size: 10pt;\"><strong>&#8221;Tio kvinnor&#8221;<\/strong> SSAB Lule\u00e5, Sweden 1999<\/span><\/p>\n<p><span style=\"font-size: 10pt;\"><strong>&#8221;Pain&#8221;<\/strong> Harstad Galleri, Norway 1999<\/span><\/p>\n<p><span style=\"font-size: 10pt;\"><strong>&#8221;Pain&#8221; <\/strong>Nordnorsk Kunstnerssentrum, Svolv\u00e6r, Norway 1999<\/span><\/p>\n<p><span style=\"font-size: 10pt;\"><strong>&#8221;Se barnet&#8221;<\/strong> Bergn\u00e4skyrkan, Lule\u00e5, Sweden 1998<\/span><\/p>\n<p><span style=\"font-size: 10pt;\"><strong>&#8221;M\u00e4nniskan&#8221;<\/strong> H\u00e4rn\u00f6sand Missionskyrkan, Sweden 1998<\/span><\/p>\n<p><span style=\"font-size: 10pt;\"><strong>&#8221;It\u00b4s nice to be here&#8221;<\/strong> Gallerih\u00f6rnan, Falun, Sweden 1997<\/span><\/p>\n<p><span style=\"font-size: 10pt;\"><strong>&#8221;V\u00f6rdnad&#8221;<\/strong> Galleri Kilen, Lule\u00e5, Sweden 1995<\/span><\/p>\n<p><span style=\"font-size: 10pt;\"><strong>&#8221;It\u00b4s nice to be here&#8221;<\/strong> Bodens konsthall, Sweden 1995<\/span><\/p>\n<p><span style=\"font-size: 10pt;\"><strong>&#8221;It\u00b4s nice to be here&#8221; <\/strong>Rantagalleria, Oulu, Finland 1994<\/span><\/p>\n<p><span style=\"font-size: 10pt;\"><strong>&#8221;V\u00f6rdnad&#8221;&nbsp;<\/strong>Pite\u00e5 Konsthall, Sweden 1993<\/span><\/p>\n<p><span style=\"font-size: 10pt;\"><strong>&#8221;Checkpoint&#8221;<\/strong> Jindrighuv Hradec Slott, Tjeck Republic 1993 <\/span><\/p>\n<h6><span style=\"font-size: 19px; color: #e1e5e8;\">GRUPPUTST\u00c4LLNINGAR<\/span><\/h6>\n<p><span style=\"font-size: 10pt;\"><strong>&#8221;Fruitful Relations&#8221;<\/strong> Tobacco Warehouse, Kavala, Greece 2015<\/span><\/p>\n<p><span style=\"font-size: 10pt;\"><strong>\u201cL\u00e4nssalong 2014\u201d<\/strong> V\u00e4sterbottens museum, Sweden 2014<\/span><\/p>\n<p><span style=\"font-size: 10pt;\"><strong>\u201cR\u00c4DD\u201d<\/strong> Konstgillet, Boden, Sweden 2008<\/span><\/p>\n<p><span style=\"font-size: 10pt;\"><strong>\u201cVariabel Box\u201d<\/strong> Box Kraftverk, Bj\u00e4rtr\u00e5, Sweden 2003<\/span><\/p>\n<p><span style=\"font-size: 10pt;\"><strong>\u201cDr\u00f6mmar och sju sorters kakor\u201d<\/strong> Vuollerim kyrka, Sweden 2003<\/span><\/p>\n<p><span style=\"font-size: 10pt;\"><strong>\u201cIntroduktion\u201d <\/strong>Petrozavodsk Konsthall, Russia 200<\/span><span style=\"font-size: 10pt;\">1<\/span><\/p>\n<p><span style=\"font-size: 10pt;\"><strong>\u201cAnalogue\u201d<\/strong> Kemi Konsthall, Finland 2000<\/span><\/p>\n<p><span style=\"font-size: 10pt;\"><strong>\u201cAnalogue\u201d<\/strong> Nordic Herritage Museum , Seattle, USA 2000<\/span><\/p>\n<p><span style=\"font-size: 10pt;\"><strong>\u201cNorgespakken\u201d<\/strong> De samiske samlinger, Karasjokk, Norway 1999<\/span><\/p>\n<p><span style=\"font-size: 10pt;\"><strong>\u201cNorgespakken\u201d<\/strong> Galleri III, Oslo, Norway 1999<\/span><\/p>\n<p><span style=\"font-size: 10pt;\"><strong>\u201cBok&amp;Bild\u201d<\/strong> Konstens Hus, Lule\u00e5, Sweden 1998<\/span><\/p>\n<p><span style=\"font-size: 10pt;\"><strong>\u201cDistances\u201d<\/strong> Rantagalleria, Oulu, Finland 1998<\/span><\/p>\n<p><span style=\"font-size: 10pt;\"><strong>\u201cAnalogue\u201d<\/strong> Fotohuset, G\u00f6teborg, Sweden 1997<\/span><\/p>\n<p><span style=\"font-size: 10pt;\"><strong>\u201cOutdoor workshop\u201d<\/strong> Taivalkoski, Finland 1996<\/span><\/p>\n<p><span style=\"font-size: 10pt;\"><strong>\u201cTwo\u201d<\/strong> Gallerye Papyrus, Nymbork, Tjeck Republic 1996<\/span><\/p>\n<p><span style=\"font-size: 10pt;\"><strong>\u201cAnalogue\u201d<\/strong> Liljewalchs Konsthall, Stockholm, Sweden 1995<\/span><\/p>\n<p><span style=\"font-size: 10pt;\"><strong>\u201cTre par\u201d<\/strong> Lindroths garveri, Haparanda, Sweden 1994<\/span><\/p>\n<p><span style=\"font-size: 10pt;\"><strong>\u201cProspekt\u201d<\/strong> Fotom\u00e4ssan, G\u00f6teborg, Sweden 1993<\/span><\/p>\n<p><span style=\"font-size: 10pt;\"><strong>\u201cProspekt\u201d<\/strong> Moderna Museet, Stockholm, Sweden 1993<\/span><\/p>\n<p><span style=\"font-size: 10pt;\"><strong>\u201cDe Lux\u201d<\/strong> Nordkalottsalong, Galleri Tornhuset, Lule\u00e5, Sweden 1992<\/span><\/p>\n<p><span style=\"font-size: 10pt;\"><strong>\u201cOI\u201d<\/strong> Troms\u00f6 Kulturhus, Norway 1990<\/span><\/p>\n<p><span style=\"font-size: 10pt;\"><strong>\u201cOI\u201d<\/strong> Galleri Tornhuset, Lule\u00e5, Sweden 1990 <\/span><\/p>\n<h6><span style=\"font-size: 19px; color: #e1e5e8;\">STIPENDIER<\/span><\/h6>\n<p><span style=\"font-size: 10pt;\">Filmsparken, Filmpool Nords Filmarbetarstipendium 2011<\/span><\/p>\n<p><span style=\"font-size: 10pt;\">Kavalla resestipendium,&nbsp;Svenska Fotografers F\u00f6rbund 2000<\/span><\/p>\n<p><span style=\"font-size: 10pt;\">Helge Axson-Johnson stipendium 2000 <\/span><\/p>\n<p><span style=\"font-size: 10pt;\">Sveriges f\u00f6rfattarfonds resestipendium 1999<\/span><\/p>\n<p><span style=\"font-size: 10pt;\">Rubus Arcticus, Norrbottens L\u00e4ns Kulturstipendium 1998<\/span><\/p>\n<p><span style=\"font-size: 10pt;\">Konstn\u00e4rsn\u00e4mndens arbetsstipendium 1997<\/span><\/p>\n<h6><span style=\"font-size: 19px; color: #e1e5e8;\">OFFENTLIGA ARBETEN<\/span><\/h6>\n<p><a href=\"https:\/\/www.bibblo.se\/sv\/library-page\/haparanda-stadsbibliotek\" target=\"_blank\" rel=\"noopener\"><span style=\"font-size: 10pt;\">Haparanda bibliotek <\/span><\/a><br \/>\n<span style=\"font-size: 10pt;\">Korpilombolo sjukhem<\/span><\/p>\n<h6><span style=\"font-size: 19px; color: #e1e5e8;\">REPRESENTERAD<\/span><\/h6>\n<p><span style=\"font-size: 10pt;\">Lule\u00e5 Kommun, Sweden<\/span><\/p>\n<p><span style=\"font-size: 10pt;\">Bodens Kommun, Sweden<\/span><\/p>\n<p><span style=\"font-size: 10pt;\">Falun Kommun, Sweden<\/span><\/p>\n<p><span style=\"font-size: 10pt;\">Pajala Kommun, Sweden<\/span><\/p>\n<p><span style=\"font-size: 10pt;\">Bergn\u00e4skyrkan,&nbsp;Lule\u00e5, <\/span><span style=\"font-size: 10pt;\">Sweden<\/span><br \/>\n<span style=\"font-size: 10pt;\">Karelien Republic Art Museum, Collection of Contemporary Art, Russia <\/span><\/p>\n<h6><span style=\"font-size: 19px; color: #e1e5e8;\">ILLUSTRATIONER<\/span><\/h6>\n<p><span style=\"font-size: 10pt;\">&#8221;100 \u00e5r av liv&#8221; Lule\u00e5 stifts jubileumsbok 2004<\/span><br \/>\n<span style=\"font-size: 10pt;\">&#8221;Urkraft&#8221; Norma f\u00f6rlag 2002<\/span><br \/>\n<span style=\"font-size: 10pt;\">&#8221;Lyssna till tystnaden&#8221; Horney &amp; co f\u00f6rlag 1999<\/span><br \/>\n<span style=\"font-size: 10pt;\">&#8221;Urkraft&#8221; Norma f\u00f6rlag 1997 <\/span><\/p>\n<h6><span style=\"font-size: 19px; color: #e1e5e8;\">CD<\/span><\/h6>\n<p><span style=\"font-size: 10pt;\">&#8221;Mailmale&#8221; Jord 2005 <\/span><\/p>\n<p><span style=\"font-size: 10pt;\">&#8221;Den r\u00f6da skivan&#8221; Jung 2004<\/span><\/p>\n<p><span style=\"font-size: 10pt;\">&#8221;V\u00e4yl\u00e4n virrassa&#8221; jord 2002 <\/span><\/p>\n<p><span style=\"font-size: 10pt;\">&#8221;Jung&#8221; Jung 2001 <\/span><\/p>\n<p><span style=\"font-size: 10pt;\">&#8221;All musik \u00e4r lika bra&#8221; Dave Ave 1996 <\/span><\/p>\n<p><span style=\"font-size: 10pt;\">&#8221;Jazzland&#8221; Jazz fr\u00e5n Norrbotten 1995&#8243;<\/span><\/p>\n<h6><span style=\"font-size: 19px; color: #e1e5e8;\">FILMOGRAFI<\/span><\/h6>\n<p><span style=\"font-size: 10pt;\">&#8221;Cyklisten&#8221; Location scout Short 2012<\/span><\/p>\n<p><span style=\"font-size: 10pt;\">&#8221;Mig \u00e4ger ingen&#8221; Location scout Feature 2012<\/span><\/p>\n<p><span style=\"font-size: 10pt;\">&#8221;I lodjurets timma&#8221; Location scout Feature 2012 <\/span><\/p>\n<p><span style=\"font-size: 10pt;\">&#8221;Flugparken&#8221; Location scout Feature 2012<\/span><\/p>\n<p><span style=\"font-size: 10pt;\">&#8221;Isdraken&#8221; Still photographer \/ Casting\/ Location scout,&nbsp;Feature 2011 <\/span><\/p>\n<p><span style=\"font-size: 10pt;\">&#8221;V\u00e4gra d\u00f6 sl\u00f6&#8221; Still photographer 2011<\/span><\/p>\n<p><span style=\"font-size: 10pt;\">&#8221;Vindstilla&#8221; Casting Short 2011<\/span><br \/>\n<span style=\"font-size: 10pt;\">&#8221;Evigt unga&#8221; Still photographer\/ Casting\/ FAD\/ Location scout\/ Location manager Short 2011<\/span><br \/>\n<span style=\"font-size: 10pt;\">&#8221;\u00d6mheten&#8221; Casting Feature 2011<\/span><br \/>\n<span style=\"font-size: 10pt;\">&#8221;Domen \u00f6ver d\u00f6d man&#8221; Casting Feature 2011<\/span><br \/>\n<span style=\"font-size: 10pt;\">&#8221;Nils Holgerssons underbara resa&#8221; Casting,&nbsp;TV drama 2011<\/span><\/p>\n<p><span style=\"font-size: 10pt;\">&#8221;Gumby&#8221; Location scout, Feature 2010 <\/span><\/p>\n<p><span style=\"font-size: 10pt;\">&#8221;En enkel till \u00c1ntibes&#8221; Still photographer\/ Casting\/ Location scout\/ Production assistent &nbsp;Feature 2010<\/span><\/p>\n<p><span style=\"font-size: 10pt;\">&#8221;Myrlandet&#8221; Production manager, Short 2010<\/span><\/p>\n<p><span style=\"font-size: 10pt;\">&#8221;Philip Morris&#8221; USA <\/span><span style=\"font-size: 10pt;\">C<\/span><span style=\"font-size: 10pt;\">asting,<\/span><span style=\"font-size: 10pt;\">&nbsp;Commercial &nbsp;2010<\/span><\/p>\n<p><span style=\"font-size: 10pt;\">&#8221;Sk\u00e5nska byggvaror&#8221; C<\/span><span style=\"font-size: 10pt;\">asting,<\/span><span style=\"font-size: 10pt;\">&nbsp;Commercial &nbsp;2010<\/span><\/p>\n<p><span style=\"font-size: 10pt;\">&#8221;Mc Donalds&#8221; The Netherlands Casting\/<\/span><span style=\"font-size: 10pt;\">P<\/span><span style=\"font-size: 10pt;\">roduction assistent, Commercial &nbsp;2009<\/span><\/p>\n<p><span style=\"font-size: 10pt;\">&#8221;Br\u00f6derna Karlsson&#8221; Location scout\/ Casting\/ SAD Feature 2009<\/span><\/p>\n<p><span style=\"font-size: 10pt;\">&#8221;H\u00f6stmannen&#8221; Production manager\/Still photographer Short film 2010 <\/span><\/p>\n<p><span style=\"font-size: 10pt;\">&#8221;Jag saknar dig, jag saknar dig&#8221; Location scout\/Casting, Feature 2009<\/span><\/p>\n<p><span style=\"font-size: 10pt;\">&#8221;Volvo&#8221;&nbsp;<\/span><span style=\"font-size: 10pt;\">P<\/span><span style=\"font-size: 10pt;\">roduction assistent, Commercial &nbsp;2009<\/span><\/p>\n<p><span style=\"font-size: 10pt;\">&#8221;Exxon oil&#8221; P<\/span><span style=\"font-size: 10pt;\">roduction assistent, Commercial &nbsp;2008<\/span><\/p>\n<p><span style=\"font-size: 10pt;\">&#8221;Vi hade i alla fall tur med v\u00e4dret 2&#8221; Casting\/SAD 2008<\/span><\/p>\n<p><span style=\"font-size: 10pt;\">&#8221;Vattenfall&#8221; Production assistent, Commercial &nbsp;2008<\/span><\/p>\n<p><span style=\"font-size: 10pt;\">&#8221;V\u00e4sterbottensost&#8221; Production assistent, Commercial &nbsp;2008<\/span><\/p>\n<p><span style=\"font-size: 10pt;\">&#8221;Maria Larssons eviga \u00f6gonblick&#8221;, Location scout\/production co-ordinator, 2007<\/span><\/p>\n<p><span style=\"font-size: 10pt;\">&#8221;Bara barnet&#8221; Actor,&nbsp;Short film 2006<\/span><\/p>\n<p><span style=\"font-size: 10pt;\">&#8221;Inga t\u00e5rar&#8221; Still photographer 2005, Feature 2005<\/span><\/p>\n<p><span style=\"font-size: 10pt;\">&#8221;Frostbiten&#8221; Actor 2005<\/span><\/p>\n<p><span style=\"font-size: 10pt;\">&#8221;S\u00e5 som i himmelen&#8221; Choir singer, Feature 2003<\/span><\/p>\n<h6><span style=\"font-size: 19px; color: #e1e5e8;\">ARBETE<\/span><\/h6>\n<p><span style=\"font-size: 10pt;\">Teacher in Photography, Svensk finska folkh\u00f6gskolan, Haparanda<\/span><\/p>\n<p><span style=\"font-size: 10pt;\">Teacher in Music, Kulturskolan, Lule\u00e5<\/span><\/p>\n<p><span style=\"font-size: 10pt;\">Teacher in Music, Lule\u00e5 kommun<\/span><\/p>\n<p><span style=\"font-size: 10pt;\">Project manager MQ-film, Filmpool Nord, Lule\u00e5&nbsp;<\/span><\/p>\n<p><span style=\"font-size: 10pt;\">Production co-ordinator Q-media, Lekfalk produktion, Lule\u00e5<\/span><\/p>\n<h2 style=\"margin-left: 360px;\"><\/h2>\n<h2 style=\"margin-left: 360px;\"><\/h2>\n<p style=\"margin-left: 360px;\">\n","protected":false},"excerpt":{"rendered":"<p>LENA LAHTI F\u00f6dd i Haparanda 1961. Uppvuxen i Boden med musik som huvudsakligt intresse. Studerade musik fr\u00e5n sexton \u00e5rs\u00e5lder och sju \u00e5r fram\u00e5t. Allt slutade med att jag gick en fotoutbildning i Lule\u00e5 och bosatte mig d\u00e4r.&nbsp;Frilansade, fick tre underbara barn, sj\u00f6ng och m\u00e5dde bra av att ha utst\u00e4llningar. Tr\u00f6tt p\u00e5 ensamarbete s\u00f6kte jag mig [&hellip;]<\/p>\n","protected":false},"author":1,"featured_media":0,"parent":0,"menu_order":0,"comment_status":"closed","ping_status":"closed","template":"template-fullwidth.php","meta":{"footnotes":""},"class_list":["post-142","page","type-page","status-publish","hentry"],"yoast_head":"<!-- This site is optimized with the Yoast SEO plugin v27.3 - https:\/\/yoast.com\/product\/yoast-seo-wordpress\/ -->\n<title>INFORMATION - FOTOGRAF LENA LAHTI<\/title>\n<meta name=\"robots\" content=\"index, follow, max-snippet:-1, max-image-preview:large, max-video-preview:-1\" \/>\n<link rel=\"canonical\" href=\"https:\/\/www.lenalahti.com\/?page_id=142\" \/>\n<meta property=\"og:locale\" content=\"sv_SE\" \/>\n<meta property=\"og:type\" content=\"article\" \/>\n<meta property=\"og:title\" content=\"INFORMATION - FOTOGRAF LENA LAHTI\" \/>\n<meta property=\"og:description\" content=\"LENA LAHTI F\u00f6dd i Haparanda 1961. Uppvuxen i Boden med musik som huvudsakligt intresse. Studerade musik fr\u00e5n sexton \u00e5rs\u00e5lder och sju \u00e5r fram\u00e5t. Allt slutade med att jag gick en fotoutbildning i Lule\u00e5 och bosatte mig d\u00e4r.&nbsp;Frilansade, fick tre underbara barn, sj\u00f6ng och m\u00e5dde bra av att ha utst\u00e4llningar. Tr\u00f6tt p\u00e5 ensamarbete s\u00f6kte jag mig [&hellip;]\" \/>\n<meta property=\"og:url\" content=\"https:\/\/www.lenalahti.com\/?page_id=142\" \/>\n<meta property=\"og:site_name\" content=\"FOTOGRAF LENA LAHTI\" \/>\n<meta property=\"article:modified_time\" content=\"2021-11-30T12:43:21+00:00\" \/>\n<meta name=\"twitter:card\" content=\"summary_large_image\" \/>\n<meta name=\"twitter:label1\" content=\"Ber\u00e4knad l\u00e4stid\" \/>\n\t<meta name=\"twitter:data1\" content=\"4 minuter\" \/>\n<script type=\"application\/ld+json\" class=\"yoast-schema-graph\">{\"@context\":\"https:\\\/\\\/schema.org\",\"@graph\":[{\"@type\":\"WebPage\",\"@id\":\"https:\\\/\\\/www.lenalahti.com\\\/?page_id=142\",\"url\":\"https:\\\/\\\/www.lenalahti.com\\\/?page_id=142\",\"name\":\"INFORMATION - FOTOGRAF LENA LAHTI\",\"isPartOf\":{\"@id\":\"https:\\\/\\\/www.lenalahti.com\\\/#website\"},\"datePublished\":\"2017-11-01T15:14:36+00:00\",\"dateModified\":\"2021-11-30T12:43:21+00:00\",\"breadcrumb\":{\"@id\":\"https:\\\/\\\/www.lenalahti.com\\\/?page_id=142#breadcrumb\"},\"inLanguage\":\"sv-SE\",\"potentialAction\":[{\"@type\":\"ReadAction\",\"target\":[\"https:\\\/\\\/www.lenalahti.com\\\/?page_id=142\"]}]},{\"@type\":\"BreadcrumbList\",\"@id\":\"https:\\\/\\\/www.lenalahti.com\\\/?page_id=142#breadcrumb\",\"itemListElement\":[{\"@type\":\"ListItem\",\"position\":1,\"name\":\"Hem\",\"item\":\"https:\\\/\\\/www.lenalahti.com\\\/\"},{\"@type\":\"ListItem\",\"position\":2,\"name\":\"INFORMATION\"}]},{\"@type\":\"WebSite\",\"@id\":\"https:\\\/\\\/www.lenalahti.com\\\/#website\",\"url\":\"https:\\\/\\\/www.lenalahti.com\\\/\",\"name\":\"FOTOGRAF LENA LAHTI\",\"description\":\"Fotograf, Lofoten, Norge\",\"potentialAction\":[{\"@type\":\"SearchAction\",\"target\":{\"@type\":\"EntryPoint\",\"urlTemplate\":\"https:\\\/\\\/www.lenalahti.com\\\/?s={search_term_string}\"},\"query-input\":{\"@type\":\"PropertyValueSpecification\",\"valueRequired\":true,\"valueName\":\"search_term_string\"}}],\"inLanguage\":\"sv-SE\"}]}<\/script>\n<!-- \/ Yoast SEO plugin. -->","yoast_head_json":{"title":"INFORMATION - FOTOGRAF LENA LAHTI","robots":{"index":"index","follow":"follow","max-snippet":"max-snippet:-1","max-image-preview":"max-image-preview:large","max-video-preview":"max-video-preview:-1"},"canonical":"https:\/\/www.lenalahti.com\/?page_id=142","og_locale":"sv_SE","og_type":"article","og_title":"INFORMATION - FOTOGRAF LENA LAHTI","og_description":"LENA LAHTI F\u00f6dd i Haparanda 1961. Uppvuxen i Boden med musik som huvudsakligt intresse. Studerade musik fr\u00e5n sexton \u00e5rs\u00e5lder och sju \u00e5r fram\u00e5t. Allt slutade med att jag gick en fotoutbildning i Lule\u00e5 och bosatte mig d\u00e4r.&nbsp;Frilansade, fick tre underbara barn, sj\u00f6ng och m\u00e5dde bra av att ha utst\u00e4llningar. Tr\u00f6tt p\u00e5 ensamarbete s\u00f6kte jag mig [&hellip;]","og_url":"https:\/\/www.lenalahti.com\/?page_id=142","og_site_name":"FOTOGRAF LENA LAHTI","article_modified_time":"2021-11-30T12:43:21+00:00","twitter_card":"summary_large_image","twitter_misc":{"Ber\u00e4knad l\u00e4stid":"4 minuter"},"schema":{"@context":"https:\/\/schema.org","@graph":[{"@type":"WebPage","@id":"https:\/\/www.lenalahti.com\/?page_id=142","url":"https:\/\/www.lenalahti.com\/?page_id=142","name":"INFORMATION - FOTOGRAF LENA LAHTI","isPartOf":{"@id":"https:\/\/www.lenalahti.com\/#website"},"datePublished":"2017-11-01T15:14:36+00:00","dateModified":"2021-11-30T12:43:21+00:00","breadcrumb":{"@id":"https:\/\/www.lenalahti.com\/?page_id=142#breadcrumb"},"inLanguage":"sv-SE","potentialAction":[{"@type":"ReadAction","target":["https:\/\/www.lenalahti.com\/?page_id=142"]}]},{"@type":"BreadcrumbList","@id":"https:\/\/www.lenalahti.com\/?page_id=142#breadcrumb","itemListElement":[{"@type":"ListItem","position":1,"name":"Hem","item":"https:\/\/www.lenalahti.com\/"},{"@type":"ListItem","position":2,"name":"INFORMATION"}]},{"@type":"WebSite","@id":"https:\/\/www.lenalahti.com\/#website","url":"https:\/\/www.lenalahti.com\/","name":"FOTOGRAF LENA LAHTI","description":"Fotograf, Lofoten, Norge","potentialAction":[{"@type":"SearchAction","target":{"@type":"EntryPoint","urlTemplate":"https:\/\/www.lenalahti.com\/?s={search_term_string}"},"query-input":{"@type":"PropertyValueSpecification","valueRequired":true,"valueName":"search_term_string"}}],"inLanguage":"sv-SE"}]}},"_links":{"self":[{"href":"https:\/\/www.lenalahti.com\/index.php?rest_route=\/wp\/v2\/pages\/142","targetHints":{"allow":["GET"]}}],"collection":[{"href":"https:\/\/www.lenalahti.com\/index.php?rest_route=\/wp\/v2\/pages"}],"about":[{"href":"https:\/\/www.lenalahti.com\/index.php?rest_route=\/wp\/v2\/types\/page"}],"author":[{"embeddable":true,"href":"https:\/\/www.lenalahti.com\/index.php?rest_route=\/wp\/v2\/users\/1"}],"replies":[{"embeddable":true,"href":"https:\/\/www.lenalahti.com\/index.php?rest_route=%2Fwp%2Fv2%2Fcomments&post=142"}],"version-history":[{"count":27,"href":"https:\/\/www.lenalahti.com\/index.php?rest_route=\/wp\/v2\/pages\/142\/revisions"}],"predecessor-version":[{"id":687,"href":"https:\/\/www.lenalahti.com\/index.php?rest_route=\/wp\/v2\/pages\/142\/revisions\/687"}],"wp:attachment":[{"href":"https:\/\/www.lenalahti.com\/index.php?rest_route=%2Fwp%2Fv2%2Fmedia&parent=142"}],"curies":[{"name":"wp","href":"https:\/\/api.w.org\/{rel}","templated":true}]}}